{"id":2,"date":"2026-01-07T09:53:51","date_gmt":"2026-01-07T09:53:51","guid":{"rendered":"https:\/\/doctorchuland.com\/?page_id=2"},"modified":"2026-01-09T01:57:35","modified_gmt":"2026-01-09T01:57:35","slug":"sample-page","status":"publish","type":"page","link":"https:\/\/doctorchuland.com\/index.php\/sample-page\/","title":{"rendered":"Xin ch\u00e0o B\u1ea1n!"},"content":{"rendered":"\n<p>Ch\u00e0o m\u1eebng qu\u00fd nh\u00e0 \u0111\u1ea7u t\u01b0 v\u00e0 kh\u00e1ch h\u00e0ng \u0111\u00e3 \u0111\u1ebfn v\u1edbi <strong>Doctor Chu Land<\/strong> \u2013 K\u00eanh th\u00f4ng tin v\u00e0 t\u01b0 v\u1ea5n b\u1ea5t \u0111\u1ed9ng s\u1ea3n chuy\u00ean s\u00e2u t\u1ea1i L\u1ea1ng Giang v\u00e0 c\u00e1c khu v\u1ef1c l\u00e2n c\u1eadn. Kh\u00e1c v\u1edbi nh\u1eefng trang tin t\u1ee9c th\u00f4ng th\u01b0\u1eddng, \u0111\u00e2y l\u00e0 n\u01a1i t\u00f4i chia s\u1ebb nh\u1eefng g\u00f3c nh\u00ecn th\u1ef1c t\u1ebf, minh b\u1ea1ch v\u00e0 c\u00f3 chi\u1ec1u s\u00e2u v\u1ec1 th\u1ecb tr\u01b0\u1eddng \u0111\u1ecba ph\u01b0\u01a1ng.<\/p>\n\n\n\n<blockquote class=\"wp-block-quote is-layout-flow wp-block-quote-is-layout-flow\">\n<p><em>&#8220;T\u00f4i kh\u00f4ng b\u00e1n b\u1ea5t \u0111\u1ed9ng s\u1ea3n m\u00e0 mang \u0111\u1ebfn gi\u1ea3i ph\u00e1p \u0111\u1ea7u t\u01b0 an to\u00e0n v\u00e0 ph\u00e1t tri\u1ec3n b\u1ec1n v\u1eefng. V\u1edbi t\u00e2m th\u1ebf c\u1ee7a m\u1ed9t &#8216;ng\u01b0\u1eddi b\u00e1c s\u0129&#8217; trong ng\u00e0nh, t\u00f4i lu\u00f4n n\u1ed7 l\u1ef1c ch\u1ea9n \u0111o\u00e1n \u0111\u00fang ti\u1ec1m n\u0103ng v\u00e0 b\u1eaft \u0111\u00fang nh\u1ecbp s\u00f3ng c\u1ee7a th\u1ecb tr\u01b0\u1eddng \u0111\u1ec3 gi\u00fap kh\u00e1ch h\u00e0ng b\u1ea3o to\u00e0n v\u00e0 gia t\u0103ng t\u00e0i s\u1ea3n m\u1ed9t c\u00e1ch t\u1ed1i \u01b0u nh\u1ea5t. T\u00f4i \u0111\u1eb7c bi\u1ec7t quan t\u00e2m c\u00e1c b\u1ea1n tr\u1ebb \u0111\u1ed9 tu\u1ed5i &lt; 35 m\u00e0 ch\u01b0a s\u1edf h\u1eefu nh\u00e0 ri\u00eang v\u00e0 blog n\u00e0y gi\u00fap b\u1ea1n mua nh\u00e0 s\u1edbm h\u01a1n b\u1ea1n ngh\u0129!.&#8221;<\/em> &#8211; <strong>Doctor Chu<\/strong><\/p>\n<\/blockquote>\n\n\n\n<p>T\u1ea1i <strong>doctorchuland.com<\/strong>, b\u1ea1n s\u1ebd t\u00ecm th\u1ea5y:<\/p>\n\n\n\n<ul class=\"wp-block-list\">\n<li><strong>Ph\u00e2n t\u00edch chuy\u00ean s\u00e2u:<\/strong> V\u1ec1 quy ho\u1ea1ch, h\u1ea1 t\u1ea7ng v\u00e0 ti\u1ec1m n\u0103ng t\u0103ng gi\u00e1 c\u1ee7a b\u1ea5t \u0111\u1ed9ng s\u1ea3n L\u1ea1ng Giang.<\/li>\n\n\n\n<li><strong>S\u1ea3n ph\u1ea9m ch\u1ecdn l\u1ecdc:<\/strong> C\u1eadp nh\u1eadt gi\u1ecf h\u00e0ng d\u1ef1 \u00e1n v\u00e0 \u0111\u1ea5t n\u1ec1n c\u00f3 ph\u00e1p l\u00fd chu\u1ea9n, t\u00ednh thanh kho\u1ea3n cao.<\/li>\n\n\n\n<li><strong>Ki\u1ebfn th\u1ee9c th\u1ef1c chi\u1ebfn:<\/strong> Chia s\u1ebb kinh nghi\u1ec7m gi\u00fap nh\u00e0 \u0111\u1ea7u t\u01b0 nh\u1eadn di\u1ec7n c\u01a1 h\u1ed9i v\u00e0 tr\u00e1nh r\u1ee7i ro ph\u00e1p l\u00fd.<\/li>\n\n\n\n<li><strong>B\u00ed quy\u1ebft mua nh\u00e0 s\u1edbm<\/strong>: Gi\u00fap b\u1ea1n tr\u1ebb t\u1eeb 30 &#8211; 40 tu\u1ed5i mua nh\u00e0 s\u1edbm h\u01a1n \u0111\u1ed3ng ni\u00ean t\u1eeb 5 &#8211; 10 n\u0103m.<\/li>\n<\/ul>\n\n\n\n<p class=\"has-medium-font-size\">T\u00f4i tin v\u00e0o nh\u1eefng gi\u00e1 tr\u1ecb \u0111\u01b0\u1ee3c chia s\u1ebb tr\u00ean Doctor Chu Land s\u1ebd tr\u1edf th\u00e0nh ng\u01b0\u1eddi b\u1ea1n \u0111\u1ed3ng h\u00e0nh tin c\u1eady tr\u00ean h\u00e0nh tr\u00ecnh chinh ph\u1ee5c th\u1ecb tr\u01b0\u1eddng b\u1ea5t \u0111\u1ed9ng s\u1ea3n c\u1ee7a qu\u00fd v\u1ecb. <\/p>\n\n\n\n<p class=\"has-medium-font-size\">H\u00e3y k\u1ebft n\u1ed1i v\u1edbi t\u00f4i \u0111\u1ec3 c\u00f9ng t\u00ecm ki\u1ebfm nh\u1eefng c\u01a1 h\u1ed9i \u0111\u1ea7u t\u01b0 b\u1ee9t ph\u00e1!<\/p>\n\n\n\n<p>YouTube: <strong><a href=\"https:\/\/www.youtube.com\/@doctor.chu.MMO.AI.batdongsan\" target=\"_blank\" rel=\"noopener\">Doctor Chu Land &#8211; B\u1ea5t \u0111\u1ed9ng s\u1ea3n B\u1eafc Ninh<\/a><\/strong><\/p>\n\n\n\n<p>Whatsapp: <strong><a href=\"https:\/\/www.whatsapp.com\/channel\/0029Vb78COGHFxP4COSzKo2U\" data-type=\"link\" data-id=\"https:\/\/www.whatsapp.com\/channel\/0029Vb78COGHFxP4COSzKo2U\" target=\"_blank\" rel=\"noopener\">Doctor Chu Land<\/a><\/strong><\/p>\n","protected":false},"excerpt":{"rendered":"<p>Ch\u00e0o m\u1eebng qu\u00fd nh\u00e0 \u0111\u1ea7u t\u01b0 v\u00e0 kh\u00e1ch h\u00e0ng \u0111\u00e3 \u0111\u1ebfn v\u1edbi Doctor Chu Land \u2013 K\u00eanh th\u00f4ng tin v\u00e0 t\u01b0 v\u1ea5n b\u1ea5t \u0111\u1ed9ng s\u1ea3n chuy\u00ean s\u00e2u t\u1ea1i L\u1ea1ng Giang v\u00e0 c\u00e1c khu v\u1ef1c l\u00e2n c\u1eadn. Kh\u00e1c v\u1edbi nh\u1eefng trang tin t\u1ee9c th\u00f4ng th\u01b0\u1eddng, \u0111\u00e2y l\u00e0 n\u01a1i t\u00f4i chia s\u1ebb nh\u1eefng g\u00f3c nh\u00ecn th\u1ef1c t\u1ebf, [&hellip;]<\/p>\n","protected":false},"author":1,"featured_media":1474,"parent":0,"menu_order":0,"comment_status":"closed","ping_status":"open","template":"","meta":{"_lmt_disableupdate":"","_lmt_disable":"","footnotes":""},"class_list":["post-2","page","type-page","status-publish","has-post-thumbnail","hentry"],"_links":{"self":[{"href":"https:\/\/doctorchuland.com\/index.php\/wp-json\/wp\/v2\/pages\/2","targetHints":{"allow":["GET"]}}],"collection":[{"href":"https:\/\/doctorchuland.com\/index.php\/wp-json\/wp\/v2\/pages"}],"about":[{"href":"https:\/\/doctorchuland.com\/index.php\/wp-json\/wp\/v2\/types\/page"}],"author":[{"embeddable":true,"href":"https:\/\/doctorchuland.com\/index.php\/wp-json\/wp\/v2\/users\/1"}],"replies":[{"embeddable":true,"href":"https:\/\/doctorchuland.com\/index.php\/wp-json\/wp\/v2\/comments?post=2"}],"version-history":[{"count":6,"href":"https:\/\/doctorchuland.com\/index.php\/wp-json\/wp\/v2\/pages\/2\/revisions"}],"predecessor-version":[{"id":1471,"href":"https:\/\/doctorchuland.com\/index.php\/wp-json\/wp\/v2\/pages\/2\/revisions\/1471"}],"wp:featuredmedia":[{"embeddable":true,"href":"https:\/\/doctorchuland.com\/index.php\/wp-json\/wp\/v2\/media\/1474"}],"wp:attachment":[{"href":"https:\/\/doctorchuland.com\/index.php\/wp-json\/wp\/v2\/media?parent=2"}],"curies":[{"name":"wp","href":"https:\/\/api.w.org\/{rel}","templated":true}]}}