{"id":3,"date":"2026-01-09T02:55:16","date_gmt":"2026-01-09T02:55:16","guid":{"rendered":"https:\/\/doctorchuland.com\/?page_id=3"},"modified":"2026-01-09T02:55:16","modified_gmt":"2026-01-09T02:55:16","slug":"chinh-sach-bao-mat-doctor-chu-land","status":"publish","type":"page","link":"https:\/\/doctorchuland.com\/index.php\/chinh-sach-bao-mat-doctor-chu-land\/","title":{"rendered":"Ch\u00ednh s\u00e1ch b\u1ea3o m\u1eadt"},"content":{"rendered":"\n<h2 class=\"wp-block-heading\"><span class=\"ez-toc-section\" id=\"Chung_toi_la_ai\"><\/span>Ch\u00fang t\u00f4i l\u00e0 ai?<span class=\"ez-toc-section-end\"><\/span><\/h2>\n\n\n\n<p>Website <strong>Doctor Chu Land<\/strong> ho\u1ea1t \u0111\u1ed9ng t\u1ea1i \u0111\u1ecba ch\u1ec9:<br>\ud83d\udc49 <strong><a href=\"https:\/\/doctorchuland.com\">https:\/\/doctorchuland.com<\/a><\/strong><\/p><div id=\"ez-toc-container\" class=\"ez-toc-v2_0_80 counter-hierarchy ez-toc-counter ez-toc-light-blue ez-toc-container-direction\">\n<div class=\"ez-toc-title-container\">\n<p class=\"ez-toc-title\" style=\"cursor:inherit\">N\u1ed9i dung ch\u00ednh<\/p>\n<span class=\"ez-toc-title-toggle\"><a href=\"#\" class=\"ez-toc-pull-right ez-toc-btn ez-toc-btn-xs ez-toc-btn-default ez-toc-toggle\" aria-label=\"Toggle Table of Content\"><span class=\"ez-toc-js-icon-con\"><span class=\"\"><span class=\"eztoc-hide\" style=\"display:none;\">Toggle<\/span><span class=\"ez-toc-icon-toggle-span\"><svg style=\"fill: #999;color:#999\" xmlns=\"http:\/\/www.w3.org\/2000\/svg\" class=\"list-377408\" width=\"20px\" height=\"20px\" viewBox=\"0 0 24 24\" fill=\"none\"><path d=\"M6 6H4v2h2V6zm14 0H8v2h12V6zM4 11h2v2H4v-2zm16 0H8v2h12v-2zM4 16h2v2H4v-2zm16 0H8v2h12v-2z\" fill=\"currentColor\"><\/path><\/svg><svg style=\"fill: #999;color:#999\" class=\"arrow-unsorted-368013\" xmlns=\"http:\/\/www.w3.org\/2000\/svg\" width=\"10px\" height=\"10px\" viewBox=\"0 0 24 24\" version=\"1.2\" baseProfile=\"tiny\"><path d=\"M18.2 9.3l-6.2-6.3-6.2 6.3c-.2.2-.3.4-.3.7s.1.5.3.7c.2.2.4.3.7.3h11c.3 0 .5-.1.7-.3.2-.2.3-.5.3-.7s-.1-.5-.3-.7zM5.8 14.7l6.2 6.3 6.2-6.3c.2-.2.3-.5.3-.7s-.1-.5-.3-.7c-.2-.2-.4-.3-.7-.3h-11c-.3 0-.5.1-.7.3-.2.2-.3.5-.3.7s.1.5.3.7z\"\/><\/svg><\/span><\/span><\/span><\/a><\/span><\/div>\n<nav><ul class='ez-toc-list ez-toc-list-level-1 ' ><li class='ez-toc-page-1 ez-toc-heading-level-2'><a class=\"ez-toc-link ez-toc-heading-1\" href=\"https:\/\/doctorchuland.com\/index.php\/chinh-sach-bao-mat-doctor-chu-land\/#Chung_toi_la_ai\" >Ch\u00fang t\u00f4i l\u00e0 ai?<\/a><\/li><li class='ez-toc-page-1 ez-toc-heading-level-2'><a class=\"ez-toc-link ez-toc-heading-2\" href=\"https:\/\/doctorchuland.com\/index.php\/chinh-sach-bao-mat-doctor-chu-land\/#Binh_luan\" >B\u00ecnh lu\u1eadn<\/a><\/li><li class='ez-toc-page-1 ez-toc-heading-level-2'><a class=\"ez-toc-link ez-toc-heading-3\" href=\"https:\/\/doctorchuland.com\/index.php\/chinh-sach-bao-mat-doctor-chu-land\/#Media_Tep_phuong_tien\" >Media (T\u1ec7p ph\u01b0\u01a1ng ti\u1ec7n)<\/a><\/li><li class='ez-toc-page-1 ez-toc-heading-level-2'><a class=\"ez-toc-link ez-toc-heading-4\" href=\"https:\/\/doctorchuland.com\/index.php\/chinh-sach-bao-mat-doctor-chu-land\/#Cookies\" >Cookies<\/a><\/li><li class='ez-toc-page-1 ez-toc-heading-level-2'><a class=\"ez-toc-link ez-toc-heading-5\" href=\"https:\/\/doctorchuland.com\/index.php\/chinh-sach-bao-mat-doctor-chu-land\/#Noi_dung_nhung_tu_website_kha\" >N\u1ed9i dung nh\u00fang t\u1eeb website kh\u00e1<\/a><\/li><li class='ez-toc-page-1 ez-toc-heading-level-2'><a class=\"ez-toc-link ez-toc-heading-6\" href=\"https:\/\/doctorchuland.com\/index.php\/chinh-sach-bao-mat-doctor-chu-land\/#Chung_toi_chia_se_du_lieu_cua_ban_voi_ai\" >Ch\u00fang t\u00f4i chia s\u1ebb d\u1eef li\u1ec7u c\u1ee7a b\u1ea1n v\u1edbi ai<\/a><\/li><li class='ez-toc-page-1 ez-toc-heading-level-2'><a class=\"ez-toc-link ez-toc-heading-7\" href=\"https:\/\/doctorchuland.com\/index.php\/chinh-sach-bao-mat-doctor-chu-land\/#Thoi_gian_luu_tru_du_lieu\" >Th\u1eddi gian l\u01b0u tr\u1eef d\u1eef li\u1ec7u<\/a><\/li><li class='ez-toc-page-1 ez-toc-heading-level-2'><a class=\"ez-toc-link ez-toc-heading-8\" href=\"https:\/\/doctorchuland.com\/index.php\/chinh-sach-bao-mat-doctor-chu-land\/#Quyen_cua_ban_doi_voi_du_lieu_ca_nhan\" >Quy\u1ec1n c\u1ee7a b\u1ea1n \u0111\u1ed1i v\u1edbi d\u1eef li\u1ec7u c\u00e1 nh\u00e2n<\/a><\/li><li class='ez-toc-page-1 ez-toc-heading-level-2'><a class=\"ez-toc-link ez-toc-heading-9\" href=\"https:\/\/doctorchuland.com\/index.php\/chinh-sach-bao-mat-doctor-chu-land\/#Du_lieu_cua_ban_duoc_gui_di_dau\" >D\u1eef li\u1ec7u c\u1ee7a b\u1ea1n \u0111\u01b0\u1ee3c g\u1eedi \u0111i \u0111\u00e2u<\/a><\/li><li class='ez-toc-page-1 ez-toc-heading-level-2'><a class=\"ez-toc-link ez-toc-heading-10\" href=\"https:\/\/doctorchuland.com\/index.php\/chinh-sach-bao-mat-doctor-chu-land\/#Lien_he\" >Li\u00ean h\u1ec7<\/a><\/li><\/ul><\/nav><\/div>\n\n\n\n\n<p>Doctor Chu Land l\u00e0 n\u1ec1n t\u1ea3ng chia s\u1ebb th\u00f4ng tin, ki\u1ebfn th\u1ee9c v\u00e0 gi\u1ea3i ph\u00e1p li\u00ean quan \u0111\u1ebfn <strong>b\u1ea5t \u0111\u1ed9ng s\u1ea3n, nh\u00e0 \u1edf v\u00e0 \u0111\u1ecbnh h\u01b0\u1edbng t\u00e0i ch\u00ednh<\/strong>, \u0111\u1eb7c bi\u1ec7t d\u00e0nh cho <strong>ng\u01b0\u1eddi tr\u1ebb mong mu\u1ed1n mua nh\u00e0 s\u1edbm v\u00e0 an c\u01b0 b\u1ec1n v\u1eefng<\/strong>.<\/p>\n\n\n\n<h2 class=\"wp-block-heading\"><span class=\"ez-toc-section\" id=\"Binh_luan\"><\/span>B\u00ecnh lu\u1eadn<span class=\"ez-toc-section-end\"><\/span><\/h2>\n\n\n\n<p>Khi kh\u00e1ch truy c\u1eadp \u0111\u1ec3 l\u1ea1i b\u00ecnh lu\u1eadn tr\u00ean website, ch\u00fang t\u00f4i thu th\u1eadp c\u00e1c d\u1eef li\u1ec7u \u0111\u01b0\u1ee3c hi\u1ec3n th\u1ecb trong bi\u1ec3u m\u1eabu b\u00ecnh lu\u1eadn, c\u00f9ng v\u1edbi <strong>\u0111\u1ecba ch\u1ec9 IP<\/strong> v\u00e0 <strong>chu\u1ed7i user agent c\u1ee7a tr\u00ecnh duy\u1ec7t<\/strong> nh\u1eb1m h\u1ed7 tr\u1ee3 ph\u00e1t hi\u1ec7n spam.<\/p>\n\n\n\n<p>Sau khi b\u00ecnh lu\u1eadn \u0111\u01b0\u1ee3c ph\u00ea duy\u1ec7t, \u1ea3nh \u0111\u1ea1i di\u1ec7n c\u1ee7a b\u1ea1n (n\u1ebfu c\u00f3) s\u1ebd hi\u1ec3n th\u1ecb c\u00f4ng khai k\u00e8m theo n\u1ed9i dung b\u00ecnh lu\u1eadn.<\/p>\n\n\n\n<h2 class=\"wp-block-heading\"><span class=\"ez-toc-section\" id=\"Media_Tep_phuong_tien\"><\/span>Media (T\u1ec7p ph\u01b0\u01a1ng ti\u1ec7n)<span class=\"ez-toc-section-end\"><\/span><\/h2>\n\n\n\n<p>N\u1ebfu b\u1ea1n t\u1ea3i h\u00ecnh \u1ea3nh l\u00ean website, vui l\u00f2ng <strong>tr\u00e1nh t\u1ea3i l\u00ean h\u00ecnh \u1ea3nh c\u00f3 ch\u1ee9a d\u1eef li\u1ec7u v\u1ecb tr\u00ed \u0111\u01b0\u1ee3c nh\u00fang s\u1eb5n (EXIF GPS)<\/strong>.<br>Kh\u00e1ch truy c\u1eadp c\u00f3 th\u1ec3 t\u1ea3i xu\u1ed1ng v\u00e0 tr\u00edch xu\u1ea5t th\u00f4ng tin v\u1ecb tr\u00ed t\u1eeb c\u00e1c h\u00ecnh \u1ea3nh \u0111\u01b0\u1ee3c \u0111\u0103ng t\u1ea3i tr\u00ean website.<\/p>\n\n\n\n<h2 class=\"wp-block-heading\"><span class=\"ez-toc-section\" id=\"Cookies\"><\/span>Cookies<span class=\"ez-toc-section-end\"><\/span><\/h2>\n\n\n\n<p>Khi b\u1ea1n \u0111\u1ec3 l\u1ea1i b\u00ecnh lu\u1eadn tr\u00ean website, b\u1ea1n c\u00f3 th\u1ec3 l\u1ef1a ch\u1ecdn l\u01b0u <strong>t\u00ean, \u0111\u1ecba ch\u1ec9 email v\u00e0 website<\/strong> trong cookies. \u0110i\u1ec1u n\u00e0y nh\u1eb1m gi\u00fap b\u1ea1n kh\u00f4ng ph\u1ea3i nh\u1eadp l\u1ea1i th\u00f4ng tin khi \u0111\u1ec3 l\u1ea1i b\u00ecnh lu\u1eadn ti\u1ebfp theo. Cookies n\u00e0y s\u1ebd \u0111\u01b0\u1ee3c l\u01b0u gi\u1eef trong <strong>1 n\u0103m<\/strong>.<\/p>\n\n\n\n<p>Khi b\u1ea1n truy c\u1eadp trang \u0111\u0103ng nh\u1eadp, m\u1ed9t cookie t\u1ea1m th\u1eddi s\u1ebd \u0111\u01b0\u1ee3c thi\u1ebft l\u1eadp \u0111\u1ec3 ki\u1ec3m tra xem tr\u00ecnh duy\u1ec7t c\u1ee7a b\u1ea1n c\u00f3 ch\u1ea5p nh\u1eadn cookies hay kh\u00f4ng. Cookie n\u00e0y <strong>kh\u00f4ng ch\u1ee9a d\u1eef li\u1ec7u c\u00e1 nh\u00e2n<\/strong> v\u00e0 s\u1ebd b\u1ecb x\u00f3a khi b\u1ea1n \u0111\u00f3ng tr\u00ecnh duy\u1ec7t.<\/p>\n\n\n\n<p>Khi b\u1ea1n \u0111\u0103ng nh\u1eadp, ch\u00fang t\u00f4i s\u1ebd thi\u1ebft l\u1eadp m\u1ed9t s\u1ed1 cookies \u0111\u1ec3 l\u01b0u th\u00f4ng tin \u0111\u0103ng nh\u1eadp v\u00e0 c\u00e1c t\u00f9y ch\u1ecdn hi\u1ec3n th\u1ecb m\u00e0n h\u00ecnh.<\/p>\n\n\n\n<ul class=\"wp-block-list\">\n<li>Cookies \u0111\u0103ng nh\u1eadp t\u1ed3n t\u1ea1i trong <strong>2 ng\u00e0y<\/strong><\/li>\n\n\n\n<li>Cookies t\u00f9y ch\u1ecdn hi\u1ec3n th\u1ecb t\u1ed3n t\u1ea1i trong <strong>1 n\u0103m<\/strong><\/li>\n<\/ul>\n\n\n\n<p>N\u1ebfu b\u1ea1n ch\u1ecdn <strong>\u201cGhi nh\u1edb \u0111\u0103ng nh\u1eadp\u201d<\/strong>, th\u00f4ng tin \u0111\u0103ng nh\u1eadp s\u1ebd \u0111\u01b0\u1ee3c l\u01b0u trong <strong>2 tu\u1ea7n<\/strong>. Khi b\u1ea1n \u0111\u0103ng xu\u1ea5t, cookies \u0111\u0103ng nh\u1eadp s\u1ebd b\u1ecb x\u00f3a.<\/p>\n\n\n\n<p>Khi b\u1ea1n ch\u1ec9nh s\u1eeda ho\u1eb7c \u0111\u0103ng b\u00e0i vi\u1ebft, m\u1ed9t cookie b\u1ed5 sung s\u1ebd \u0111\u01b0\u1ee3c l\u01b0u tr\u00ean tr\u00ecnh duy\u1ec7t. Cookie n\u00e0y <strong>kh\u00f4ng ch\u1ee9a d\u1eef li\u1ec7u c\u00e1 nh\u00e2n<\/strong>, ch\u1ec9 d\u00f9ng \u0111\u1ec3 x\u00e1c \u0111\u1ecbnh ID c\u1ee7a b\u00e0i vi\u1ebft v\u00e0 s\u1ebd h\u1ebft h\u1ea1n sau <strong>1 ng\u00e0y<\/strong>.<\/p>\n\n\n\n<h2 class=\"wp-block-heading\"><span class=\"ez-toc-section\" id=\"Noi_dung_nhung_tu_website_kha\"><\/span>N\u1ed9i dung nh\u00fang t\u1eeb website kh\u00e1<span class=\"ez-toc-section-end\"><\/span><\/h2>\n\n\n\n<p>C\u00e1c b\u00e0i vi\u1ebft tr\u00ean Doctor Chu Land c\u00f3 th\u1ec3 bao g\u1ed3m n\u1ed9i dung \u0111\u01b0\u1ee3c nh\u00fang t\u1eeb c\u00e1c website kh\u00e1c (v\u00ed d\u1ee5: video, h\u00ecnh \u1ea3nh, b\u1ea3n \u0111\u1ed3, b\u00e0i vi\u1ebft\u2026).<\/p>\n\n\n\n<p>N\u1ed9i dung nh\u00fang n\u00e0y ho\u1ea1t \u0111\u1ed9ng t\u01b0\u01a1ng t\u1ef1 nh\u01b0 khi b\u1ea1n truy c\u1eadp tr\u1ef1c ti\u1ebfp v\u00e0o website b\u00ean th\u1ee9 ba. C\u00e1c website n\u00e0y c\u00f3 th\u1ec3:<\/p>\n\n\n\n<ul class=\"wp-block-list\">\n<li>Thu th\u1eadp d\u1eef li\u1ec7u v\u1ec1 b\u1ea1n<\/li>\n\n\n\n<li>S\u1eed d\u1ee5ng cookies<\/li>\n\n\n\n<li>Nh\u00fang c\u00e1c c\u00f4ng c\u1ee5 theo d\u00f5i c\u1ee7a b\u00ean th\u1ee9 ba<\/li>\n\n\n\n<li>Theo d\u00f5i t\u01b0\u01a1ng t\u00e1c c\u1ee7a b\u1ea1n v\u1edbi n\u1ed9i dung nh\u00fang, \u0111\u1eb7c bi\u1ec7t n\u1ebfu b\u1ea1n c\u00f3 t\u00e0i kho\u1ea3n v\u00e0 \u0111ang \u0111\u0103ng nh\u1eadp tr\u00ean c\u00e1c website \u0111\u00f3<\/li>\n<\/ul>\n\n\n\n<h2 class=\"wp-block-heading\"><span class=\"ez-toc-section\" id=\"Chung_toi_chia_se_du_lieu_cua_ban_voi_ai\"><\/span>Ch\u00fang t\u00f4i chia s\u1ebb d\u1eef li\u1ec7u c\u1ee7a b\u1ea1n v\u1edbi ai<span class=\"ez-toc-section-end\"><\/span><\/h2>\n\n\n\n<p>N\u1ebfu b\u1ea1n y\u00eau c\u1ea7u \u0111\u1eb7t l\u1ea1i m\u1eadt kh\u1ea9u, <strong>\u0111\u1ecba ch\u1ec9 IP c\u1ee7a b\u1ea1n s\u1ebd \u0111\u01b0\u1ee3c \u0111\u01b0a v\u00e0o email \u0111\u1eb7t l\u1ea1i m\u1eadt kh\u1ea9u<\/strong> nh\u1eb1m t\u0103ng c\u01b0\u1eddng b\u1ea3o m\u1eadt.<\/p>\n\n\n\n<p>Doctor Chu Land <strong>kh\u00f4ng b\u00e1n, trao \u0111\u1ed5i ho\u1eb7c cho thu\u00ea th\u00f4ng tin c\u00e1 nh\u00e2n<\/strong> c\u1ee7a ng\u01b0\u1eddi d\u00f9ng cho b\u00ean th\u1ee9 ba.<\/p>\n\n\n\n<h2 class=\"wp-block-heading\"><span class=\"ez-toc-section\" id=\"Thoi_gian_luu_tru_du_lieu\"><\/span>Th\u1eddi gian l\u01b0u tr\u1eef d\u1eef li\u1ec7u<span class=\"ez-toc-section-end\"><\/span><\/h2>\n\n\n\n<p>N\u1ebfu b\u1ea1n \u0111\u1ec3 l\u1ea1i b\u00ecnh lu\u1eadn, n\u1ed9i dung b\u00ecnh lu\u1eadn v\u00e0 d\u1eef li\u1ec7u li\u00ean quan s\u1ebd \u0111\u01b0\u1ee3c l\u01b0u tr\u1eef <strong>kh\u00f4ng th\u1eddi h\u1ea1n<\/strong>. \u0110i\u1ec1u n\u00e0y gi\u00fap ch\u00fang t\u00f4i t\u1ef1 \u0111\u1ed9ng nh\u1eadn di\u1ec7n v\u00e0 ph\u00ea duy\u1ec7t c\u00e1c b\u00ecnh lu\u1eadn ti\u1ebfp theo thay v\u00ec gi\u1eef ch\u00fang trong h\u00e0ng ch\u1edd ki\u1ec3m duy\u1ec7t.<\/p>\n\n\n\n<p>\u0110\u1ed1i v\u1edbi ng\u01b0\u1eddi d\u00f9ng \u0111\u0103ng k\u00fd t\u00e0i kho\u1ea3n tr\u00ean website (n\u1ebfu c\u00f3), ch\u00fang t\u00f4i l\u01b0u tr\u1eef th\u00f4ng tin c\u00e1 nh\u00e2n \u0111\u01b0\u1ee3c cung c\u1ea5p trong h\u1ed3 s\u01a1 ng\u01b0\u1eddi d\u00f9ng.<br>Ng\u01b0\u1eddi d\u00f9ng c\u00f3 th\u1ec3:<\/p>\n\n\n\n<ul class=\"wp-block-list\">\n<li>Xem<\/li>\n\n\n\n<li>Ch\u1ec9nh s\u1eeda<\/li>\n\n\n\n<li>X\u00f3a th\u00f4ng tin c\u00e1 nh\u00e2n c\u1ee7a m\u00ecnh b\u1ea5t k\u1ef3 l\u00fac n\u00e0o<br><em>(ngo\u1ea1i tr\u1eeb vi\u1ec7c thay \u0111\u1ed5i t\u00ean \u0111\u0103ng nh\u1eadp)<\/em><\/li>\n<\/ul>\n\n\n\n<p>Qu\u1ea3n tr\u1ecb vi\u00ean website c\u0169ng c\u00f3 quy\u1ec1n xem v\u00e0 ch\u1ec9nh s\u1eeda c\u00e1c th\u00f4ng tin n\u00e0y.<\/p>\n\n\n\n<h2 class=\"wp-block-heading\"><span class=\"ez-toc-section\" id=\"Quyen_cua_ban_doi_voi_du_lieu_ca_nhan\"><\/span>Quy\u1ec1n c\u1ee7a b\u1ea1n \u0111\u1ed1i v\u1edbi d\u1eef li\u1ec7u c\u00e1 nh\u00e2n<span class=\"ez-toc-section-end\"><\/span><\/h2>\n\n\n\n<p>N\u1ebfu b\u1ea1n c\u00f3 t\u00e0i kho\u1ea3n tr\u00ean website ho\u1eb7c \u0111\u00e3 t\u1eebng \u0111\u1ec3 l\u1ea1i b\u00ecnh lu\u1eadn, b\u1ea1n c\u00f3 th\u1ec3:<\/p>\n\n\n\n<ul class=\"wp-block-list\">\n<li>Y\u00eau c\u1ea7u nh\u1eadn <strong>t\u1ec7p xu\u1ea5t d\u1eef li\u1ec7u c\u00e1 nh\u00e2n<\/strong> m\u00e0 ch\u00fang t\u00f4i \u0111ang l\u01b0u tr\u1eef<\/li>\n\n\n\n<li>Y\u00eau c\u1ea7u <strong>x\u00f3a d\u1eef li\u1ec7u c\u00e1 nh\u00e2n<\/strong> c\u1ee7a m\u00ecnh kh\u1ecfi h\u1ec7 th\u1ed1ng<\/li>\n<\/ul>\n\n\n\n<p>\u0110i\u1ec1u n\u00e0y kh\u00f4ng bao g\u1ed3m c\u00e1c d\u1eef li\u1ec7u m\u00e0 ch\u00fang t\u00f4i b\u1eaft bu\u1ed9c ph\u1ea3i l\u01b0u gi\u1eef cho m\u1ee5c \u0111\u00edch <strong>h\u00e0nh ch\u00ednh, ph\u00e1p l\u00fd ho\u1eb7c b\u1ea3o m\u1eadt<\/strong>.<\/p>\n\n\n\n<h2 class=\"wp-block-heading\"><span class=\"ez-toc-section\" id=\"Du_lieu_cua_ban_duoc_gui_di_dau\"><\/span>D\u1eef li\u1ec7u c\u1ee7a b\u1ea1n \u0111\u01b0\u1ee3c g\u1eedi \u0111i \u0111\u00e2u<span class=\"ez-toc-section-end\"><\/span><\/h2>\n\n\n\n<p>C\u00e1c b\u00ecnh lu\u1eadn c\u1ee7a kh\u00e1ch truy c\u1eadp c\u00f3 th\u1ec3 \u0111\u01b0\u1ee3c ki\u1ec3m tra th\u00f4ng qua <strong>d\u1ecbch v\u1ee5 ph\u00e1t hi\u1ec7n spam t\u1ef1 \u0111\u1ed9ng<\/strong> nh\u1eb1m \u0111\u1ea3m b\u1ea3o an to\u00e0n v\u00e0 ch\u1ea5t l\u01b0\u1ee3ng n\u1ed9i dung tr\u00ean website.<\/p>\n\n\n\n<h2 class=\"wp-block-heading\"><span class=\"ez-toc-section\" id=\"Lien_he\"><\/span>Li\u00ean h\u1ec7<span class=\"ez-toc-section-end\"><\/span><\/h2>\n\n\n\n<p>N\u1ebfu b\u1ea1n c\u00f3 b\u1ea5t k\u1ef3 c\u00e2u h\u1ecfi n\u00e0o li\u00ean quan \u0111\u1ebfn <strong>Ch\u00ednh s\u00e1ch b\u1ea3o m\u1eadt<\/strong> ho\u1eb7c c\u00e1ch Doctor Chu Land x\u1eed l\u00fd d\u1eef li\u1ec7u ng\u01b0\u1eddi d\u00f9ng, vui l\u00f2ng li\u00ean h\u1ec7 th\u00f4ng qua th\u00f4ng tin \u0111\u01b0\u1ee3c cung c\u1ea5p tr\u00ean website.<\/p>\n","protected":false},"excerpt":{"rendered":"<p>Ch\u00fang t\u00f4i l\u00e0 ai? Website Doctor Chu Land ho\u1ea1t \u0111\u1ed9ng t\u1ea1i \u0111\u1ecba ch\u1ec9:\ud83d\udc49 https:\/\/doctorchuland.com Doctor Chu Land l\u00e0 n\u1ec1n t\u1ea3ng chia s\u1ebb th\u00f4ng tin, ki\u1ebfn th\u1ee9c v\u00e0 gi\u1ea3i ph\u00e1p li\u00ean quan \u0111\u1ebfn b\u1ea5t \u0111\u1ed9ng s\u1ea3n, nh\u00e0 \u1edf v\u00e0 \u0111\u1ecbnh h\u01b0\u1edbng t\u00e0i ch\u00ednh, \u0111\u1eb7c bi\u1ec7t d\u00e0nh cho ng\u01b0\u1eddi tr\u1ebb mong mu\u1ed1n mua nh\u00e0 s\u1edbm v\u00e0 an [&hellip;]<\/p>\n","protected":false},"author":1,"featured_media":0,"parent":0,"menu_order":0,"comment_status":"closed","ping_status":"open","template":"","meta":{"_lmt_disableupdate":"","_lmt_disable":"","footnotes":""},"class_list":["post-3","page","type-page","status-publish","hentry"],"_links":{"self":[{"href":"https:\/\/doctorchuland.com\/index.php\/wp-json\/wp\/v2\/pages\/3","targetHints":{"allow":["GET"]}}],"collection":[{"href":"https:\/\/doctorchuland.com\/index.php\/wp-json\/wp\/v2\/pages"}],"about":[{"href":"https:\/\/doctorchuland.com\/index.php\/wp-json\/wp\/v2\/types\/page"}],"author":[{"embeddable":true,"href":"https:\/\/doctorchuland.com\/index.php\/wp-json\/wp\/v2\/users\/1"}],"replies":[{"embeddable":true,"href":"https:\/\/doctorchuland.com\/index.php\/wp-json\/wp\/v2\/comments?post=3"}],"version-history":[{"count":3,"href":"https:\/\/doctorchuland.com\/index.php\/wp-json\/wp\/v2\/pages\/3\/revisions"}],"predecessor-version":[{"id":1477,"href":"https:\/\/doctorchuland.com\/index.php\/wp-json\/wp\/v2\/pages\/3\/revisions\/1477"}],"wp:attachment":[{"href":"https:\/\/doctorchuland.com\/index.php\/wp-json\/wp\/v2\/media?parent=3"}],"curies":[{"name":"wp","href":"https:\/\/api.w.org\/{rel}","templated":true}]}}